{"id":25,"date":"2021-04-14T09:20:38","date_gmt":"2021-04-14T09:20:38","guid":{"rendered":"https:\/\/bzk.zsbopole.pl\/?page_id=25"},"modified":"2022-10-21T07:17:22","modified_gmt":"2022-10-21T07:17:22","slug":"strona-glowna","status":"publish","type":"page","link":"https:\/\/bkz.zsbopole.pl\/","title":{"rendered":"Strona g\u0142\u00f3wna"},"content":{"rendered":"<div id=\"pl-25\"  class=\"panel-layout\" ><div id=\"pg-25-0\"  class=\"panel-grid panel-no-style\" ><div id=\"pgc-25-0-0\"  class=\"panel-grid-cell\" ><div id=\"panel-25-0-0-0\" class=\"so-panel widget widget_sow-image panel-first-child panel-last-child\" data-index=\"0\" ><div\n\t\t\t\n\t\t\tclass=\"so-widget-sow-image so-widget-sow-image-default-d6014b76747a-25\"\n\t\t\t\n\t\t>\n\n<div class=\"sow-image-container\">\n\t\t<img src=\"https:\/\/bkz.zsbopole.pl\/wp-content\/uploads\/2021\/04\/logo_FE_Program_Regionalny_rgb-1-300x158-1.jpg\" width=\"331\" height=\"90\" srcset=\"https:\/\/bkz.zsbopole.pl\/wp-content\/uploads\/2021\/04\/logo_FE_Program_Regionalny_rgb-1-300x158-1.jpg 331w, https:\/\/bkz.zsbopole.pl\/wp-content\/uploads\/2021\/04\/logo_FE_Program_Regionalny_rgb-1-300x158-1-300x82.jpg 300w\" sizes=\"(max-width: 331px) 100vw, 331px\" title=\"logo_FE_Program_Regionalny_rgb-1-300&#215;158\" alt=\"\" loading=\"lazy\" \t\tclass=\"so-widget-image\"\/>\n\t<\/div>\n\n<\/div><\/div><\/div><div id=\"pgc-25-0-1\"  class=\"panel-grid-cell\" ><div id=\"panel-25-0-1-0\" class=\"so-panel widget widget_sow-image panel-first-child panel-last-child\" data-index=\"1\" ><div\n\t\t\t\n\t\t\tclass=\"so-widget-sow-image so-widget-sow-image-default-d6014b76747a-25\"\n\t\t\t\n\t\t>\n\n<div class=\"sow-image-container\">\n\t\t<img src=\"https:\/\/bkz.zsbopole.pl\/wp-content\/uploads\/2021\/04\/Barwy_RP_1.jpg\" width=\"331\" height=\"110\" srcset=\"https:\/\/bkz.zsbopole.pl\/wp-content\/uploads\/2021\/04\/Barwy_RP_1.jpg 331w, https:\/\/bkz.zsbopole.pl\/wp-content\/uploads\/2021\/04\/Barwy_RP_1-300x100.jpg 300w\" sizes=\"(max-width: 331px) 100vw, 331px\" title=\"znak_barw_rp_poziom_szara_ramka_cmyk\" alt=\"\" loading=\"lazy\" \t\tclass=\"so-widget-image\"\/>\n\t<\/div>\n\n<\/div><\/div><\/div><div id=\"pgc-25-0-2\"  class=\"panel-grid-cell\" ><div id=\"panel-25-0-2-0\" class=\"so-panel widget widget_sow-image panel-first-child panel-last-child\" data-index=\"2\" ><div\n\t\t\t\n\t\t\tclass=\"so-widget-sow-image so-widget-sow-image-default-d6014b76747a-25\"\n\t\t\t\n\t\t>\n\n<div class=\"sow-image-container\">\n\t\t<img src=\"https:\/\/bkz.zsbopole.pl\/wp-content\/uploads\/2021\/04\/Opolskie-UE-300x88-1.jpg\" width=\"300\" height=\"88\" sizes=\"(max-width: 300px) 100vw, 300px\" title=\"Opolskie-UE-300&#215;88\" alt=\"\" loading=\"lazy\" \t\tclass=\"so-widget-image\"\/>\n\t<\/div>\n\n<\/div><\/div><\/div><div id=\"pgc-25-0-3\"  class=\"panel-grid-cell\" ><div id=\"panel-25-0-3-0\" class=\"so-panel widget widget_sow-image panel-first-child panel-last-child\" data-index=\"3\" ><div\n\t\t\t\n\t\t\tclass=\"so-widget-sow-image so-widget-sow-image-default-d6014b76747a-25\"\n\t\t\t\n\t\t>\n\n<div class=\"sow-image-container\">\n\t\t<img src=\"https:\/\/bkz.zsbopole.pl\/wp-content\/uploads\/2021\/04\/EU_EFS_rgb-1-300x89-1.jpg\" width=\"300\" height=\"89\" sizes=\"(max-width: 300px) 100vw, 300px\" title=\"EU_EFS_rgb-1-300&#215;89\" alt=\"\" loading=\"lazy\" \t\tclass=\"so-widget-image\"\/>\n\t<\/div>\n\n<\/div><\/div><\/div><\/div><div id=\"pg-25-1\"  class=\"panel-grid panel-no-style\" ><div id=\"pgc-25-1-0\"  class=\"panel-grid-cell\" ><div id=\"panel-25-1-0-0\" class=\"so-panel widget widget_sow-editor panel-first-child panel-last-child\" data-index=\"4\" ><div\n\t\t\t\n\t\t\tclass=\"so-widget-sow-editor so-widget-sow-editor-base\"\n\t\t\t\n\t\t>\n<div class=\"siteorigin-widget-tinymce textwidget\">\n\t<p><a href=\"https:\/\/bkz.zsbopole.pl\/wp-content\/uploads\/2021\/06\/Ogloszenie-o-naborze-do-projektu.pdf\"><img decoding=\"async\" loading=\"lazy\" class=\"aligncenter wp-image-130 size-full\" src=\"https:\/\/bkz.zsbopole.pl\/wp-content\/uploads\/2021\/06\/nabor.jpg\" alt=\"\" width=\"1139\" height=\"715\" srcset=\"https:\/\/bkz.zsbopole.pl\/wp-content\/uploads\/2021\/06\/nabor.jpg 1139w, https:\/\/bkz.zsbopole.pl\/wp-content\/uploads\/2021\/06\/nabor-300x188.jpg 300w, https:\/\/bkz.zsbopole.pl\/wp-content\/uploads\/2021\/06\/nabor-1024x643.jpg 1024w, https:\/\/bkz.zsbopole.pl\/wp-content\/uploads\/2021\/06\/nabor-768x482.jpg 768w\" sizes=\"(max-width: 1139px) 100vw, 1139px\" \/><\/a><\/p>\n<p>&nbsp;<\/p>\n<hr \/>\n<p><img decoding=\"async\" loading=\"lazy\" class=\"wp-image-113 aligncenter\" src=\"https:\/\/bkz.zsbopole.pl\/wp-content\/uploads\/2021\/04\/flag_yellow_high-300x200.jpg\" alt=\"\" width=\"408\" height=\"272\" srcset=\"https:\/\/bkz.zsbopole.pl\/wp-content\/uploads\/2021\/04\/flag_yellow_high-300x200.jpg 300w, https:\/\/bkz.zsbopole.pl\/wp-content\/uploads\/2021\/04\/flag_yellow_high-1024x683.jpg 1024w, https:\/\/bkz.zsbopole.pl\/wp-content\/uploads\/2021\/04\/flag_yellow_high-768x512.jpg 768w, https:\/\/bkz.zsbopole.pl\/wp-content\/uploads\/2021\/04\/flag_yellow_high-1536x1024.jpg 1536w, https:\/\/bkz.zsbopole.pl\/wp-content\/uploads\/2021\/04\/flag_yellow_high-2048x1366.jpg 2048w, https:\/\/bkz.zsbopole.pl\/wp-content\/uploads\/2021\/04\/flag_yellow_high-272x182.jpg 272w\" sizes=\"(max-width: 408px) 100vw, 408px\" \/><\/p>\n<p>&nbsp;<\/p>\n<p><strong>G\u0142\u00f3wny cel projektu:<\/strong><br \/>\nzwi\u0119kszenie jako\u015bci opolskiego kszta\u0142cenia zawodowego w okresie realizacji projektu w\u015br\u00f3d uczni\u00f3w 7 szk\u00f3\u0142 zawodowych w mie\u015bcie Opolu, poprzez realizacj\u0119 sta\u017cy, kurs\u00f3w i zaj\u0119\u0107 podnosz\u0105cych kompetencje kluczowe i umiej\u0119tno\u015bci uczni\u00f3w na rynku pracy oraz wzrost kwalifikacji nauczycieli.<\/p>\n<p><strong>Projekt jest wsp\u00f3\u0142finansowany ze \u015brodk\u00f3w Europejskiego Funduszu Spo\u0142ecznego i Bud\u017cetu Pa\u0144stwa w ramach Regionalnego Programu Operacyjnego Wojew\u00f3dztwa Opolskiego na lata 2014 \u2013 2020.<\/strong><\/p>\n<p>&nbsp;<\/p>\n<p>&nbsp;<\/p>\n<p><strong>Projekt skierowany jest do uczni\u00f3w technik\u00f3w i uczni\u00f3w szk\u00f3\u0142 bran\u017cowych I i II stopnia z 7 szk\u00f3\u0142 zawodowych Miasta Opola, tj.:<\/strong><\/p>\n<ul>\n<li>Zespo\u0142u Szk\u00f3\u0142 Technicznych i Og\u00f3lnokszta\u0142c\u0105cych im. Kazimierza Gzowskiego,<\/li>\n<li>Zespo\u0142u Szk\u00f3\u0142 Ekonomicznych im. Gen. Stefana Roweckiego \"Grota\"<\/li>\n<li>Zespo\u0142u Szk\u00f3\u0142 Elektrycznych im. Tadeusza Ko\u015bciuszki,<\/li>\n<li>Zespo\u0142u Szk\u00f3\u0142 Mechanicznych,<\/li>\n<li>Zespo\u0142u Szk\u00f3\u0142 Budowlanych im. Papie\u017ca Jana Paw\u0142a II,<\/li>\n<li>Zespo\u0142u Szk\u00f3\u0142 Zawodowych nr 4 im. Bronis\u0142awa Koraszewskiego,<\/li>\n<li>Zespo\u0142u Szk\u00f3\u0142 Zawodowych im. Stanis\u0142awa Staszica.<\/li>\n<\/ul>\n<p>&nbsp;<\/p>\n<p><strong>Realizatorem Projektu pn. Budowanie kariery zawodowej uczni\u00f3w szk\u00f3\u0142 zawodowych w Opolu - III edycja jest <\/strong><\/p>\n<p>Zesp\u00f3\u0142 Szk\u00f3\u0142 Budowlanych im. Papie\u017ca Jana Paw\u0142a II w Opolu<br \/>\nul. Niemodli\u0144ska<br \/>\n45-761 Opole<\/p>\n<p>Osoby do kontaktu:<\/p>\n<p><a href=\"mailto:j.wysocka@zsbopole.pl\"><strong>Koordynator Projektu<\/strong><\/a> - nr tel. 77 474 54 54 wew. 16, e-mail: <a href=\"mailto:mariola.flis@zsbopole.pl\">mariola.flis@zsbopole.pl<\/a><br \/>\n<a href=\"mailto:d.leszczynska@zsbopole.pl\"><strong>Specjalista ds. realizacji szkole\u0144 i kurs\u00f3w zawodowych<\/strong><\/a> - nr tel. 77 474 54 54 wew. 28 e-mail: <a class=\"moz-txt-link-abbreviated\" href=\"mailto:d.leszczynska@zsbopole.pl\">d.leszczynska@zsbopole.pl<\/a><br \/>\n<a href=\"mailto:m.rajfur@zsbopole.pl\"><strong>Specjalista ds. realizacji sta\u017cy uczniowskich i monitorowania jako\u015bci<\/strong><\/a> - nr tel. 77 474 54 54 wew. 28 e-mail: <a href=\"mailto:paulina.zuraw@zsbopole.pl\">paulina.zuraw@zsbopole.pl<\/a><\/p>\n<p>&nbsp;<\/p>\n<p>&nbsp;<\/p>\n<p><img decoding=\"async\" loading=\"lazy\" class=\"size-medium wp-image-63 aligncenter\" src=\"https:\/\/bzk.zsbopole.pl\/wp-content\/uploads\/2021\/04\/Obraz1-300x74.jpg\" alt=\"\" width=\"300\" height=\"74\" srcset=\"https:\/\/bkz.zsbopole.pl\/wp-content\/uploads\/2021\/04\/Obraz1-300x74.jpg 300w, https:\/\/bkz.zsbopole.pl\/wp-content\/uploads\/2021\/04\/Obraz1.jpg 575w\" sizes=\"(max-width: 300px) 100vw, 300px\" \/><\/p>\n<p>&nbsp;<\/p>\n<p>&nbsp;<\/p>\n<\/div>\n<\/div><\/div><\/div><\/div><\/div>","protected":false},"excerpt":{"rendered":"<p>&nbsp; &nbsp; G\u0142\u00f3wny cel projektu: zwi\u0119kszenie jako\u015bci opolskiego kszta\u0142cenia zawodowego w okresie realizacji projektu w\u015br\u00f3d uczni\u00f3w 7 szk\u00f3\u0142 zawodowych w mie\u015bcie Opolu, poprzez realizacj\u0119 sta\u017cy, kurs\u00f3w i zaj\u0119\u0107 podnosz\u0105cych kompetencje kluczowe i umiej\u0119tno\u015bci uczni\u00f3w na rynku pracy oraz wzrost kwalifikacji nauczycieli. Projekt jest wsp\u00f3\u0142finansowany ze \u015brodk\u00f3w Europejskiego Funduszu Spo\u0142ecznego i Bud\u017cetu Pa\u0144stwa w ramach Regionalnego [&hellip;]<\/p>\n","protected":false},"author":1,"featured_media":0,"parent":0,"menu_order":0,"comment_status":"closed","ping_status":"closed","template":"home-panels.php","meta":[],"_links":{"self":[{"href":"https:\/\/bkz.zsbopole.pl\/index.php\/wp-json\/wp\/v2\/pages\/25"}],"collection":[{"href":"https:\/\/bkz.zsbopole.pl\/index.php\/wp-json\/wp\/v2\/pages"}],"about":[{"href":"https:\/\/bkz.zsbopole.pl\/index.php\/wp-json\/wp\/v2\/types\/page"}],"author":[{"embeddable":true,"href":"https:\/\/bkz.zsbopole.pl\/index.php\/wp-json\/wp\/v2\/users\/1"}],"replies":[{"embeddable":true,"href":"https:\/\/bkz.zsbopole.pl\/index.php\/wp-json\/wp\/v2\/comments?post=25"}],"version-history":[{"count":11,"href":"https:\/\/bkz.zsbopole.pl\/index.php\/wp-json\/wp\/v2\/pages\/25\/revisions"}],"predecessor-version":[{"id":58,"href":"https:\/\/bkz.zsbopole.pl\/index.php\/wp-json\/wp\/v2\/pages\/25\/revisions\/58"}],"wp:attachment":[{"href":"https:\/\/bkz.zsbopole.pl\/index.php\/wp-json\/wp\/v2\/media?parent=25"}],"curies":[{"name":"wp","href":"https:\/\/api.w.org\/{rel}","templated":true}]}}